{"id":98,"date":"2024-02-07T14:55:11","date_gmt":"2024-02-07T13:55:11","guid":{"rendered":"http:\/\/localhost\/wordpress%201\/?page_id=98"},"modified":"2024-06-05T22:05:54","modified_gmt":"2024-06-05T20:05:54","slug":"mission","status":"publish","type":"page","link":"http:\/\/rccm.tg\/index.php\/mission\/","title":{"rendered":"Mission"},"content":{"rendered":"\t\t<div data-elementor-type=\"wp-page\" data-elementor-id=\"98\" class=\"elementor elementor-98\">\n\t\t\t\t<div class=\"elementor-element elementor-element-9966e28 e-flex e-con-boxed e-con e-parent\" data-id=\"9966e28\" data-element_type=\"container\">\n\t\t\t\t\t<div class=\"e-con-inner\">\n\t\t\t\t<div class=\"elementor-element elementor-element-64fab65 elementor-widget elementor-widget-spacer\" data-id=\"64fab65\" data-element_type=\"widget\" data-widget_type=\"spacer.default\">\n\t\t\t\t<div class=\"elementor-widget-container\">\n\t\t\t\t\t\t\t<div class=\"elementor-spacer\">\n\t\t\t<div class=\"elementor-spacer-inner\"><\/div>\n\t\t<\/div>\n\t\t\t\t\t\t<\/div>\n\t\t\t\t<\/div>\n\t\t\t\t<div class=\"elementor-element elementor-element-db4c485 elementor-widget elementor-widget-heading\" data-id=\"db4c485\" data-element_type=\"widget\" data-widget_type=\"heading.default\">\n\t\t\t\t<div class=\"elementor-widget-container\">\n\t\t\t\t\t<h2 class=\"elementor-heading-title elementor-size-default\">MISSION DU RCCM <\/h2>\t\t\t\t<\/div>\n\t\t\t\t<\/div>\n\t\t\t\t<div class=\"elementor-element elementor-element-ed33573 elementor-widget__width-initial elementor-widget elementor-widget-text-editor\" data-id=\"ed33573\" data-element_type=\"widget\" data-widget_type=\"text-editor.default\">\n\t\t\t\t<div class=\"elementor-widget-container\">\n\t\t\t\t\t\t\t\t\t<h6><strong>La gestion du Registre du Commerce et du Cr\u00e9dit Mobilier (RCCM) est double : la gestion du registre du commerce (RC) d\u2019une part et la gestion du cr\u00e9dit mobilier (CM) d\u2019autre part.<\/strong><\/h6>\t\t\t\t\t\t\t\t<\/div>\n\t\t\t\t<\/div>\n\t\t\t\t<div class=\"elementor-element elementor-element-5a6c5ed elementor-widget-divider--view-line elementor-widget elementor-widget-divider\" data-id=\"5a6c5ed\" data-element_type=\"widget\" data-widget_type=\"divider.default\">\n\t\t\t\t<div class=\"elementor-widget-container\">\n\t\t\t\t\t\t\t<div class=\"elementor-divider\">\n\t\t\t<span class=\"elementor-divider-separator\">\n\t\t\t\t\t\t<\/span>\n\t\t<\/div>\n\t\t\t\t\t\t<\/div>\n\t\t\t\t<\/div>\n\t\t\t\t<div class=\"elementor-element elementor-element-a07d260 elementor-widget elementor-widget-text-editor\" data-id=\"a07d260\" data-element_type=\"widget\" data-widget_type=\"text-editor.default\">\n\t\t\t\t<div class=\"elementor-widget-container\">\n\t\t\t\t\t\t\t\t\t<ul><li><em><strong>Pour la gestion du RC :<\/strong><\/em><ul>&#8211;\u00a0 \u00a0permettre aux assujettis \u00e0 la formalit\u00e9 d\u2019immatriculation au Registre du Commerce et du Cr\u00e9dit Mobilier de faire leur demande d\u2019immatriculation, d&rsquo;obtenir d\u00e8s le d\u00e9p\u00f4t de leur demande leur num\u00e9ro d&rsquo;immatriculation et d\u2019accomplir les autres formalit\u00e9s pr\u00e9vues par l\u2019Acte uniforme portant sur le droit commercial g\u00e9n\u00e9ral et toute autre disposition l\u00e9gale ;<\/ul><ul>&#8211; permettre aux entreprenants de faire leur d\u00e9claration d\u2019activit\u00e9, d&rsquo;obtenir d\u00e8s le d\u00e9p\u00f4t de celle-ci leur num\u00e9ro de d\u00e9claration d&rsquo;activit\u00e9 et d\u2019accomplir les autres formalit\u00e9s pr\u00e9vues par l\u2019Acte uniforme portant sur le droit commercial g\u00e9n\u00e9ral et toute autre disposition l\u00e9gale ;<\/ul><\/li><li><em><strong>Pour la gestion du CM\u00a0:<\/strong><\/em><ul>&#8211; recevoir les inscriptions relatives au contrat de cr\u00e9dit-bail et, aux s\u00fbret\u00e9s pr\u00e9vues par l&rsquo;Acte uniforme portant organisation des s\u00fbret\u00e9s ou par toute autre disposition l\u00e9gale.<\/ul><\/li><li><em><strong>D\u2019une mani\u00e8re g\u00e9n\u00e9rale :<\/strong><\/em><ul><li style=\"list-style-type: none;\"><ul>&#8211; permettre l\u2019acc\u00e8s des assujettis et des tiers aux informations conserv\u00e9es par le<\/ul><\/li><\/ul><ul>Registre du Commerce et du Cr\u00e9dit Mobilier ;<\/ul><ul><li style=\"list-style-type: none;\"><ul>&#8211; permettre de satisfaire aux exigences de s\u00e9curit\u00e9, de c\u00e9l\u00e9rit\u00e9, de transparence et de<\/ul><\/li><\/ul><ul>loyaut\u00e9 n\u00e9cessaires au d\u00e9veloppement des activit\u00e9s \u00e9conomiques.<\/ul><\/li><\/ul><p>\u00a0<\/p>\t\t\t\t\t\t\t\t<\/div>\n\t\t\t\t<\/div>\n\t\t\t\t\t<\/div>\n\t\t\t\t<\/div>\n\t\t\t\t<\/div>\n\t\t","protected":false},"excerpt":{"rendered":"<p>MISSION DU RCCM La gestion du Registre du Commerce et du Cr\u00e9dit Mobilier (RCCM) est double : la gestion du registre du commerce (RC) d\u2019une part et la gestion du cr\u00e9dit mobilier (CM) d\u2019autre part. Pour la gestion du RC : &#8211;\u00a0 \u00a0permettre aux assujettis \u00e0 la formalit\u00e9 d\u2019immatriculation au Registre du Commerce et du [&hellip;]<\/p>\n","protected":false},"author":1,"featured_media":0,"parent":0,"menu_order":0,"comment_status":"closed","ping_status":"closed","template":"","meta":{"site-sidebar-layout":"no-sidebar","site-content-layout":"","ast-site-content-layout":"full-width-container","site-content-style":"default","site-sidebar-style":"default","ast-global-header-display":"","ast-banner-title-visibility":"","ast-main-header-display":"","ast-hfb-above-header-display":"","ast-hfb-below-header-display":"","ast-hfb-mobile-header-display":"","site-post-title":"disabled","ast-breadcrumbs-content":"","ast-featured-img":"disabled","footer-sml-layout":"","theme-transparent-header-meta":"","adv-header-id-meta":"","stick-header-meta":"","header-above-stick-meta":"","header-main-stick-meta":"","header-below-stick-meta":"","astra-migrate-meta-layouts":"default","ast-page-background-enabled":"default","ast-page-background-meta":{"desktop":{"background-color":"var(--ast-global-color-4)","background-image":"","background-repeat":"repeat","background-position":"center center","background-size":"auto","background-attachment":"scroll","background-type":"","background-media":"","overlay-type":"","overlay-color":"","overlay-opacity":"","overlay-gradient":""},"tablet":{"background-color":"","background-image":"","background-repeat":"repeat","background-position":"center center","background-size":"auto","background-attachment":"scroll","background-type":"","background-media":"","overlay-type":"","overlay-color":"","overlay-opacity":"","overlay-gradient":""},"mobile":{"background-color":"","background-image":"","background-repeat":"repeat","background-position":"center center","background-size":"auto","background-attachment":"scroll","background-type":"","background-media":"","overlay-type":"","overlay-color":"","overlay-opacity":"","overlay-gradient":""}},"ast-content-background-meta":{"desktop":{"background-color":"var(--ast-global-color-5)","background-image":"","background-repeat":"repeat","background-position":"center center","background-size":"auto","background-attachment":"scroll","background-type":"","background-media":"","overlay-type":"","overlay-color":"","overlay-opacity":"","overlay-gradient":""},"tablet":{"background-color":"var(--ast-global-color-5)","background-image":"","background-repeat":"repeat","background-position":"center center","background-size":"auto","background-attachment":"scroll","background-type":"","background-media":"","overlay-type":"","overlay-color":"","overlay-opacity":"","overlay-gradient":""},"mobile":{"background-color":"var(--ast-global-color-5)","background-image":"","background-repeat":"repeat","background-position":"center center","background-size":"auto","background-attachment":"scroll","background-type":"","background-media":"","overlay-type":"","overlay-color":"","overlay-opacity":"","overlay-gradient":""}},"footnotes":""},"class_list":["post-98","page","type-page","status-publish","hentry"],"yoast_head":"<!-- This site is optimized with the Yoast SEO plugin v24.1 - https:\/\/yoast.com\/wordpress\/plugins\/seo\/ -->\n<title>Mission - REGISTRE DU COMMERCE ET DU CREDIT MOBILIER<\/title>\n<meta name=\"robots\" content=\"noindex, follow, max-snippet:-1, max-image-preview:large, max-video-preview:-1\" \/>\n<meta property=\"og:locale\" content=\"fr_FR\" \/>\n<meta property=\"og:type\" content=\"article\" \/>\n<meta property=\"og:title\" content=\"Mission - REGISTRE DU COMMERCE ET DU CREDIT MOBILIER\" \/>\n<meta property=\"og:description\" content=\"MISSION DU RCCM La gestion du Registre du Commerce et du Cr\u00e9dit Mobilier (RCCM) est double : la gestion du registre du commerce (RC) d\u2019une part et la gestion du cr\u00e9dit mobilier (CM) d\u2019autre part. Pour la gestion du RC : &#8211;\u00a0 \u00a0permettre aux assujettis \u00e0 la formalit\u00e9 d\u2019immatriculation au Registre du Commerce et du [&hellip;]\" \/>\n<meta property=\"og:url\" content=\"http:\/\/rccm.tg\/index.php\/mission\/\" \/>\n<meta property=\"og:site_name\" content=\"REGISTRE DU COMMERCE ET DU CREDIT MOBILIER\" \/>\n<meta property=\"article:modified_time\" content=\"2024-06-05T20:05:54+00:00\" \/>\n<meta name=\"twitter:card\" content=\"summary_large_image\" \/>\n<meta name=\"twitter:label1\" content=\"Dur\u00e9e de lecture estim\u00e9e\" \/>\n\t<meta name=\"twitter:data1\" content=\"2 minutes\" \/>\n<script type=\"application\/ld+json\" class=\"yoast-schema-graph\">{\"@context\":\"https:\/\/schema.org\",\"@graph\":[{\"@type\":\"WebPage\",\"@id\":\"http:\/\/rccm.tg\/index.php\/mission\/\",\"url\":\"http:\/\/rccm.tg\/index.php\/mission\/\",\"name\":\"Mission - REGISTRE DU COMMERCE ET DU CREDIT MOBILIER\",\"isPartOf\":{\"@id\":\"http:\/\/rccm.tg\/#website\"},\"datePublished\":\"2024-02-07T13:55:11+00:00\",\"dateModified\":\"2024-06-05T20:05:54+00:00\",\"breadcrumb\":{\"@id\":\"http:\/\/rccm.tg\/index.php\/mission\/#breadcrumb\"},\"inLanguage\":\"fr-FR\",\"potentialAction\":[{\"@type\":\"ReadAction\",\"target\":[\"http:\/\/rccm.tg\/index.php\/mission\/\"]}]},{\"@type\":\"BreadcrumbList\",\"@id\":\"http:\/\/rccm.tg\/index.php\/mission\/#breadcrumb\",\"itemListElement\":[{\"@type\":\"ListItem\",\"position\":1,\"name\":\"Accueil\",\"item\":\"http:\/\/rccm.tg\/\"},{\"@type\":\"ListItem\",\"position\":2,\"name\":\"Mission\"}]},{\"@type\":\"WebSite\",\"@id\":\"http:\/\/rccm.tg\/#website\",\"url\":\"http:\/\/rccm.tg\/\",\"name\":\"REGISTRE DU COMMERCE ET DU CREDIT MOBILIER\",\"description\":\"\",\"publisher\":{\"@id\":\"http:\/\/rccm.tg\/#organization\"},\"potentialAction\":[{\"@type\":\"SearchAction\",\"target\":{\"@type\":\"EntryPoint\",\"urlTemplate\":\"http:\/\/rccm.tg\/?s={search_term_string}\"},\"query-input\":{\"@type\":\"PropertyValueSpecification\",\"valueRequired\":true,\"valueName\":\"search_term_string\"}}],\"inLanguage\":\"fr-FR\"},{\"@type\":\"Organization\",\"@id\":\"http:\/\/rccm.tg\/#organization\",\"name\":\"REGISTRE DU COMMERCE ET DU CREDIT MOBILIER\",\"url\":\"http:\/\/rccm.tg\/\",\"logo\":{\"@type\":\"ImageObject\",\"inLanguage\":\"fr-FR\",\"@id\":\"http:\/\/rccm.tg\/#\/schema\/logo\/image\/\",\"url\":\"http:\/\/rccm.tg\/wp-content\/uploads\/2024\/06\/f137c43ab7bef73d55f19a6bf730bc64-removebg-preview.png\",\"contentUrl\":\"http:\/\/rccm.tg\/wp-content\/uploads\/2024\/06\/f137c43ab7bef73d55f19a6bf730bc64-removebg-preview.png\",\"width\":447,\"height\":558,\"caption\":\"REGISTRE DU COMMERCE ET DU CREDIT MOBILIER\"},\"image\":{\"@id\":\"http:\/\/rccm.tg\/#\/schema\/logo\/image\/\"}}]}<\/script>\n<!-- \/ Yoast SEO plugin. -->","yoast_head_json":{"title":"Mission - REGISTRE DU COMMERCE ET DU CREDIT MOBILIER","robots":{"index":"noindex","follow":"follow","max-snippet":"max-snippet:-1","max-image-preview":"max-image-preview:large","max-video-preview":"max-video-preview:-1"},"og_locale":"fr_FR","og_type":"article","og_title":"Mission - REGISTRE DU COMMERCE ET DU CREDIT MOBILIER","og_description":"MISSION DU RCCM La gestion du Registre du Commerce et du Cr\u00e9dit Mobilier (RCCM) est double : la gestion du registre du commerce (RC) d\u2019une part et la gestion du cr\u00e9dit mobilier (CM) d\u2019autre part. Pour la gestion du RC : &#8211;\u00a0 \u00a0permettre aux assujettis \u00e0 la formalit\u00e9 d\u2019immatriculation au Registre du Commerce et du [&hellip;]","og_url":"http:\/\/rccm.tg\/index.php\/mission\/","og_site_name":"REGISTRE DU COMMERCE ET DU CREDIT MOBILIER","article_modified_time":"2024-06-05T20:05:54+00:00","twitter_card":"summary_large_image","twitter_misc":{"Dur\u00e9e de lecture estim\u00e9e":"2 minutes"},"schema":{"@context":"https:\/\/schema.org","@graph":[{"@type":"WebPage","@id":"http:\/\/rccm.tg\/index.php\/mission\/","url":"http:\/\/rccm.tg\/index.php\/mission\/","name":"Mission - REGISTRE DU COMMERCE ET DU CREDIT MOBILIER","isPartOf":{"@id":"http:\/\/rccm.tg\/#website"},"datePublished":"2024-02-07T13:55:11+00:00","dateModified":"2024-06-05T20:05:54+00:00","breadcrumb":{"@id":"http:\/\/rccm.tg\/index.php\/mission\/#breadcrumb"},"inLanguage":"fr-FR","potentialAction":[{"@type":"ReadAction","target":["http:\/\/rccm.tg\/index.php\/mission\/"]}]},{"@type":"BreadcrumbList","@id":"http:\/\/rccm.tg\/index.php\/mission\/#breadcrumb","itemListElement":[{"@type":"ListItem","position":1,"name":"Accueil","item":"http:\/\/rccm.tg\/"},{"@type":"ListItem","position":2,"name":"Mission"}]},{"@type":"WebSite","@id":"http:\/\/rccm.tg\/#website","url":"http:\/\/rccm.tg\/","name":"REGISTRE DU COMMERCE ET DU CREDIT MOBILIER","description":"","publisher":{"@id":"http:\/\/rccm.tg\/#organization"},"potentialAction":[{"@type":"SearchAction","target":{"@type":"EntryPoint","urlTemplate":"http:\/\/rccm.tg\/?s={search_term_string}"},"query-input":{"@type":"PropertyValueSpecification","valueRequired":true,"valueName":"search_term_string"}}],"inLanguage":"fr-FR"},{"@type":"Organization","@id":"http:\/\/rccm.tg\/#organization","name":"REGISTRE DU COMMERCE ET DU CREDIT MOBILIER","url":"http:\/\/rccm.tg\/","logo":{"@type":"ImageObject","inLanguage":"fr-FR","@id":"http:\/\/rccm.tg\/#\/schema\/logo\/image\/","url":"http:\/\/rccm.tg\/wp-content\/uploads\/2024\/06\/f137c43ab7bef73d55f19a6bf730bc64-removebg-preview.png","contentUrl":"http:\/\/rccm.tg\/wp-content\/uploads\/2024\/06\/f137c43ab7bef73d55f19a6bf730bc64-removebg-preview.png","width":447,"height":558,"caption":"REGISTRE DU COMMERCE ET DU CREDIT MOBILIER"},"image":{"@id":"http:\/\/rccm.tg\/#\/schema\/logo\/image\/"}}]}},"_links":{"self":[{"href":"http:\/\/rccm.tg\/index.php\/wp-json\/wp\/v2\/pages\/98","targetHints":{"allow":["GET"]}}],"collection":[{"href":"http:\/\/rccm.tg\/index.php\/wp-json\/wp\/v2\/pages"}],"about":[{"href":"http:\/\/rccm.tg\/index.php\/wp-json\/wp\/v2\/types\/page"}],"author":[{"embeddable":true,"href":"http:\/\/rccm.tg\/index.php\/wp-json\/wp\/v2\/users\/1"}],"replies":[{"embeddable":true,"href":"http:\/\/rccm.tg\/index.php\/wp-json\/wp\/v2\/comments?post=98"}],"version-history":[{"count":28,"href":"http:\/\/rccm.tg\/index.php\/wp-json\/wp\/v2\/pages\/98\/revisions"}],"predecessor-version":[{"id":521,"href":"http:\/\/rccm.tg\/index.php\/wp-json\/wp\/v2\/pages\/98\/revisions\/521"}],"wp:attachment":[{"href":"http:\/\/rccm.tg\/index.php\/wp-json\/wp\/v2\/media?parent=98"}],"curies":[{"name":"wp","href":"https:\/\/api.w.org\/{rel}","templated":true}]}}