{"id":92,"date":"2024-02-07T14:53:24","date_gmt":"2024-02-07T13:53:24","guid":{"rendered":"http:\/\/localhost\/wordpress%201\/?page_id=92"},"modified":"2024-06-19T11:18:20","modified_gmt":"2024-06-19T09:18:20","slug":"acceuil","status":"publish","type":"page","link":"http:\/\/rccm.tg\/","title":{"rendered":"Actualit\u00e9"},"content":{"rendered":"\t\t<div data-elementor-type=\"wp-page\" data-elementor-id=\"92\" class=\"elementor elementor-92\">\n\t\t\t\t\t\t<section class=\"elementor-section elementor-top-section elementor-element elementor-element-5094a7e3 elementor-section-boxed elementor-section-height-default elementor-section-height-default\" data-id=\"5094a7e3\" data-element_type=\"section\" data-settings=\"{&quot;background_background&quot;:&quot;classic&quot;}\">\n\t\t\t\t\t\t<div class=\"elementor-container elementor-column-gap-default\">\n\t\t\t\t\t<div class=\"elementor-column elementor-col-100 elementor-top-column elementor-element elementor-element-14ff067\" data-id=\"14ff067\" data-element_type=\"column\">\n\t\t\t<div class=\"elementor-widget-wrap elementor-element-populated\">\n\t\t\t\t\t\t<div class=\"elementor-element elementor-element-1072f191 elementor-invisible elementor-widget elementor-widget-heading\" data-id=\"1072f191\" data-element_type=\"widget\" data-settings=\"{&quot;_animation&quot;:&quot;fadeIn&quot;}\" data-widget_type=\"heading.default\">\n\t\t\t\t<div class=\"elementor-widget-container\">\n\t\t\t\t\t<h2 class=\"elementor-heading-title elementor-size-xl\">LES ACTUALITES <\/h2>\t\t\t\t<\/div>\n\t\t\t\t<\/div>\n\t\t\t\t<div class=\"elementor-element elementor-element-126bc41d elementor-widget elementor-widget-text-editor\" data-id=\"126bc41d\" data-element_type=\"widget\" data-widget_type=\"text-editor.default\">\n\t\t\t\t<div class=\"elementor-widget-container\">\n\t\t\t\t\t\t\t\t\t<p>D\u00e9couvrez l&rsquo;actualit\u00e9 dynamique de la RCCM au Togo, votre source d&rsquo;informations sur les progr\u00e8s \u00e9conomiques et sociaux. Restez connect\u00e9(e) pour des mises \u00e0 jour r\u00e9guli\u00e8res sur nos initiatives entrepreneuriales et communautaires. Explorez notre page pour suivre le pouls vibrant de notre communaut\u00e9.<\/p>\t\t\t\t\t\t\t\t<\/div>\n\t\t\t\t<\/div>\n\t\t\t\t<div class=\"elementor-element elementor-element-6c691ca elementor-align-center elementor-widget elementor-widget-button\" data-id=\"6c691ca\" data-element_type=\"widget\" data-widget_type=\"button.default\">\n\t\t\t\t<div class=\"elementor-widget-container\">\n\t\t\t\t\t\t\t\t\t<div class=\"elementor-button-wrapper\">\n\t\t\t\t\t<a class=\"elementor-button elementor-button-link elementor-size-sm\" href=\"http:\/\/localhost\/wordpress%201\/index.php\/articles\/\">\n\t\t\t\t\t\t<span class=\"elementor-button-content-wrapper\">\n\t\t\t\t\t\t\t\t\t<span class=\"elementor-button-text\">LIRE <\/span>\n\t\t\t\t\t<\/span>\n\t\t\t\t\t<\/a>\n\t\t\t\t<\/div>\n\t\t\t\t\t\t\t\t<\/div>\n\t\t\t\t<\/div>\n\t\t\t\t<div class=\"elementor-element elementor-element-0a0949a elementor-widget elementor-widget-spacer\" data-id=\"0a0949a\" data-element_type=\"widget\" data-widget_type=\"spacer.default\">\n\t\t\t\t<div class=\"elementor-widget-container\">\n\t\t\t\t\t\t\t<div class=\"elementor-spacer\">\n\t\t\t<div class=\"elementor-spacer-inner\"><\/div>\n\t\t<\/div>\n\t\t\t\t\t\t<\/div>\n\t\t\t\t<\/div>\n\t\t\t\t<div class=\"elementor-element elementor-element-f6f5b19 elementor-arrows-position-outside elementor-widget elementor-widget-image-carousel\" data-id=\"f6f5b19\" data-element_type=\"widget\" data-settings=\"{&quot;navigation&quot;:&quot;arrows&quot;,&quot;image_spacing_custom&quot;:{&quot;unit&quot;:&quot;px&quot;,&quot;size&quot;:0,&quot;sizes&quot;:[]},&quot;autoplay&quot;:&quot;yes&quot;,&quot;pause_on_hover&quot;:&quot;yes&quot;,&quot;pause_on_interaction&quot;:&quot;yes&quot;,&quot;autoplay_speed&quot;:5000,&quot;infinite&quot;:&quot;yes&quot;,&quot;speed&quot;:500,&quot;image_spacing_custom_tablet&quot;:{&quot;unit&quot;:&quot;px&quot;,&quot;size&quot;:&quot;&quot;,&quot;sizes&quot;:[]},&quot;image_spacing_custom_mobile&quot;:{&quot;unit&quot;:&quot;px&quot;,&quot;size&quot;:&quot;&quot;,&quot;sizes&quot;:[]}}\" data-widget_type=\"image-carousel.default\">\n\t\t\t\t<div class=\"elementor-widget-container\">\n\t\t\t\t\t\t\t<div class=\"elementor-image-carousel-wrapper swiper\" role=\"region\" aria-roledescription=\"carousel\" aria-label=\"Carrousel d\u2019images\" dir=\"ltr\">\n\t\t\t<div class=\"elementor-image-carousel swiper-wrapper swiper-image-stretch\" aria-live=\"off\">\n\t\t\t\t\t\t\t\t<div class=\"swiper-slide\" role=\"group\" aria-roledescription=\"slide\" aria-label=\"1 sur 6\"><figure class=\"swiper-slide-inner\"><img decoding=\"async\" class=\"swiper-slide-image\" src=\"http:\/\/rccm.tg\/wp-content\/uploads\/2024\/06\/Untitled-design-4-1.png\" alt=\"Untitled design (4)\" \/><\/figure><\/div><div class=\"swiper-slide\" role=\"group\" aria-roledescription=\"slide\" aria-label=\"2 sur 6\"><figure class=\"swiper-slide-inner\"><img decoding=\"async\" class=\"swiper-slide-image\" src=\"http:\/\/rccm.tg\/wp-content\/uploads\/2024\/06\/Untitled-design-5.png\" alt=\"Untitled design (5)\" \/><\/figure><\/div><div class=\"swiper-slide\" role=\"group\" aria-roledescription=\"slide\" aria-label=\"3 sur 6\"><figure class=\"swiper-slide-inner\"><img decoding=\"async\" class=\"swiper-slide-image\" src=\"http:\/\/rccm.tg\/wp-content\/uploads\/2024\/06\/Untitled-design-6.png\" alt=\"Untitled design (6)\" \/><\/figure><\/div><div class=\"swiper-slide\" role=\"group\" aria-roledescription=\"slide\" aria-label=\"4 sur 6\"><figure class=\"swiper-slide-inner\"><img decoding=\"async\" class=\"swiper-slide-image\" src=\"http:\/\/rccm.tg\/wp-content\/uploads\/2024\/06\/Untitled-design-1-1.png\" alt=\"Untitled design (1)\" \/><\/figure><\/div><div class=\"swiper-slide\" role=\"group\" aria-roledescription=\"slide\" aria-label=\"5 sur 6\"><figure class=\"swiper-slide-inner\"><img decoding=\"async\" class=\"swiper-slide-image\" src=\"http:\/\/rccm.tg\/wp-content\/uploads\/2024\/06\/Untitled-design-2-1.png\" alt=\"Untitled design (2)\" \/><\/figure><\/div><div class=\"swiper-slide\" role=\"group\" aria-roledescription=\"slide\" aria-label=\"6 sur 6\"><figure class=\"swiper-slide-inner\"><img decoding=\"async\" class=\"swiper-slide-image\" src=\"http:\/\/rccm.tg\/wp-content\/uploads\/2024\/06\/Untitled-design-3-1.png\" alt=\"Untitled design (3)\" \/><\/figure><\/div>\t\t\t<\/div>\n\t\t\t\t\t\t\t\t\t\t\t\t<div class=\"elementor-swiper-button elementor-swiper-button-prev\" role=\"button\" tabindex=\"0\">\n\t\t\t\t\t\t<svg aria-hidden=\"true\" class=\"e-font-icon-svg e-eicon-chevron-left\" viewBox=\"0 0 1000 1000\" xmlns=\"http:\/\/www.w3.org\/2000\/svg\"><path d=\"M646 125C629 125 613 133 604 142L308 442C296 454 292 471 292 487 292 504 296 521 308 533L604 854C617 867 629 875 646 875 663 875 679 871 692 858 704 846 713 829 713 812 713 796 708 779 692 767L438 487 692 225C700 217 708 204 708 187 708 171 704 154 692 142 675 129 663 125 646 125Z\"><\/path><\/svg>\t\t\t\t\t<\/div>\n\t\t\t\t\t<div class=\"elementor-swiper-button elementor-swiper-button-next\" role=\"button\" tabindex=\"0\">\n\t\t\t\t\t\t<svg aria-hidden=\"true\" class=\"e-font-icon-svg e-eicon-chevron-right\" viewBox=\"0 0 1000 1000\" xmlns=\"http:\/\/www.w3.org\/2000\/svg\"><path d=\"M696 533C708 521 713 504 713 487 713 471 708 454 696 446L400 146C388 133 375 125 354 125 338 125 325 129 313 142 300 154 292 171 292 187 292 204 296 221 308 233L563 492 304 771C292 783 288 800 288 817 288 833 296 850 308 863 321 871 338 875 354 875 371 875 388 867 400 854L696 533Z\"><\/path><\/svg>\t\t\t\t\t<\/div>\n\t\t\t\t\n\t\t\t\t\t\t\t\t\t<\/div>\n\t\t\t\t\t\t<\/div>\n\t\t\t\t<\/div>\n\t\t\t\t\t<\/div>\n\t\t<\/div>\n\t\t\t\t\t<\/div>\n\t\t<\/section>\n\t\t<div class=\"elementor-element elementor-element-bc0a58f e-flex e-con-boxed e-con e-parent\" data-id=\"bc0a58f\" data-element_type=\"container\" data-settings=\"{&quot;background_background&quot;:&quot;classic&quot;}\">\n\t\t\t\t\t<div class=\"e-con-inner\">\n\t\t<div class=\"elementor-element elementor-element-9ba6099 e-con-full e-flex e-con e-child\" data-id=\"9ba6099\" data-element_type=\"container\">\n\t\t<div class=\"elementor-element elementor-element-a4e216c e-con-full e-flex e-con e-child\" data-id=\"a4e216c\" data-element_type=\"container\">\n\t\t\t\t<div class=\"elementor-element elementor-element-23e7188 elementor-widget elementor-widget-google_maps\" data-id=\"23e7188\" data-element_type=\"widget\" data-widget_type=\"google_maps.default\">\n\t\t\t\t<div class=\"elementor-widget-container\">\n\t\t\t\t\t\t\t<div class=\"elementor-custom-embed\">\n\t\t\t<iframe loading=\"lazy\"\n\t\t\t\t\tsrc=\"https:\/\/maps.google.com\/maps?q=6.211011610702489%2C%201.1951931190393716&#038;t=m&#038;z=10&#038;output=embed&#038;iwloc=near\"\n\t\t\t\t\ttitle=\"6.211011610702489, 1.1951931190393716\"\n\t\t\t\t\taria-label=\"6.211011610702489, 1.1951931190393716\"\n\t\t\t><\/iframe>\n\t\t<\/div>\n\t\t\t\t\t\t<\/div>\n\t\t\t\t<\/div>\n\t\t\t\t<\/div>\n\t\t\t\t<\/div>\n\t\t<div class=\"elementor-element elementor-element-80d8474 e-con-full e-flex e-con e-child\" data-id=\"80d8474\" data-element_type=\"container\" data-settings=\"{&quot;background_background&quot;:&quot;classic&quot;}\">\n\t\t<div class=\"elementor-element elementor-element-aa1551f e-con-full e-flex e-con e-child\" data-id=\"aa1551f\" data-element_type=\"container\">\n\t\t\t\t<div class=\"elementor-element elementor-element-61ff99a elementor-widget elementor-widget-heading\" data-id=\"61ff99a\" data-element_type=\"widget\" data-widget_type=\"heading.default\">\n\t\t\t\t<div class=\"elementor-widget-container\">\n\t\t\t\t\t<h2 class=\"elementor-heading-title elementor-size-default\">CONTACT<\/h2>\t\t\t\t<\/div>\n\t\t\t\t<\/div>\n\t\t\t\t<div class=\"elementor-element elementor-element-b456bdc elementor-widget elementor-widget-text-editor\" data-id=\"b456bdc\" data-element_type=\"widget\" data-widget_type=\"text-editor.default\">\n\t\t\t\t<div class=\"elementor-widget-container\">\n\t\t\t\t\t\t\t\t\t<p>ADRESSE : Ago\u00e8 Cacaveli, R\u00e9serve De La Gendarmerie<\/p><p>\u00a0TEL : +228 22 54 10 66 \/ +228 22 21 35 14<\/p><p>\u00a0@ : Lacourdappeldelome@Yahoo.Fr<\/p>\t\t\t\t\t\t\t\t<\/div>\n\t\t\t\t<\/div>\n\t\t\t\t<\/div>\n\t\t\t\t<\/div>\n\t\t\t\t\t<\/div>\n\t\t\t\t<\/div>\n\t\t\t\t<\/div>\n\t\t","protected":false},"excerpt":{"rendered":"<p>LES ACTUALITES D\u00e9couvrez l&rsquo;actualit\u00e9 dynamique de la RCCM au Togo, votre source d&rsquo;informations sur les progr\u00e8s \u00e9conomiques et sociaux. Restez connect\u00e9(e) pour des mises \u00e0 jour r\u00e9guli\u00e8res sur nos initiatives entrepreneuriales et communautaires. Explorez notre page pour suivre le pouls vibrant de notre communaut\u00e9. LIRE CONTACT ADRESSE : Ago\u00e8 Cacaveli, R\u00e9serve De La Gendarmerie \u00a0TEL [&hellip;]<\/p>\n","protected":false},"author":1,"featured_media":0,"parent":0,"menu_order":0,"comment_status":"closed","ping_status":"closed","template":"","meta":{"site-sidebar-layout":"no-sidebar","site-content-layout":"","ast-site-content-layout":"full-width-container","site-content-style":"default","site-sidebar-style":"default","ast-global-header-display":"","ast-banner-title-visibility":"","ast-main-header-display":"","ast-hfb-above-header-display":"","ast-hfb-below-header-display":"","ast-hfb-mobile-header-display":"","site-post-title":"disabled","ast-breadcrumbs-content":"","ast-featured-img":"disabled","footer-sml-layout":"","theme-transparent-header-meta":"","adv-header-id-meta":"","stick-header-meta":"","header-above-stick-meta":"","header-main-stick-meta":"","header-below-stick-meta":"","astra-migrate-meta-layouts":"default","ast-page-background-enabled":"default","ast-page-background-meta":{"desktop":{"background-color":"var(--ast-global-color-4)","background-image":"","background-repeat":"repeat","background-position":"center center","background-size":"auto","background-attachment":"scroll","background-type":"","background-media":"","overlay-type":"","overlay-color":"","overlay-opacity":"","overlay-gradient":""},"tablet":{"background-color":"","background-image":"","background-repeat":"repeat","background-position":"center center","background-size":"auto","background-attachment":"scroll","background-type":"","background-media":"","overlay-type":"","overlay-color":"","overlay-opacity":"","overlay-gradient":""},"mobile":{"background-color":"","background-image":"","background-repeat":"repeat","background-position":"center center","background-size":"auto","background-attachment":"scroll","background-type":"","background-media":"","overlay-type":"","overlay-color":"","overlay-opacity":"","overlay-gradient":""}},"ast-content-background-meta":{"desktop":{"background-color":"var(--ast-global-color-5)","background-image":"","background-repeat":"repeat","background-position":"center center","background-size":"auto","background-attachment":"scroll","background-type":"","background-media":"","overlay-type":"","overlay-color":"","overlay-opacity":"","overlay-gradient":""},"tablet":{"background-color":"var(--ast-global-color-5)","background-image":"","background-repeat":"repeat","background-position":"center center","background-size":"auto","background-attachment":"scroll","background-type":"","background-media":"","overlay-type":"","overlay-color":"","overlay-opacity":"","overlay-gradient":""},"mobile":{"background-color":"var(--ast-global-color-5)","background-image":"","background-repeat":"repeat","background-position":"center center","background-size":"auto","background-attachment":"scroll","background-type":"","background-media":"","overlay-type":"","overlay-color":"","overlay-opacity":"","overlay-gradient":""}},"footnotes":""},"class_list":["post-92","page","type-page","status-publish","hentry"],"yoast_head":"<!-- This site is optimized with the Yoast SEO plugin v24.1 - https:\/\/yoast.com\/wordpress\/plugins\/seo\/ -->\n<title>Actualit\u00e9 - REGISTRE DU COMMERCE ET DU CREDIT MOBILIER<\/title>\n<meta name=\"robots\" content=\"noindex, follow, max-snippet:-1, max-image-preview:large, max-video-preview:-1\" \/>\n<meta property=\"og:locale\" content=\"fr_FR\" \/>\n<meta property=\"og:type\" content=\"article\" \/>\n<meta property=\"og:title\" content=\"Actualit\u00e9 - REGISTRE DU COMMERCE ET DU CREDIT MOBILIER\" \/>\n<meta property=\"og:description\" content=\"LES ACTUALITES D\u00e9couvrez l&rsquo;actualit\u00e9 dynamique de la RCCM au Togo, votre source d&rsquo;informations sur les progr\u00e8s \u00e9conomiques et sociaux. Restez connect\u00e9(e) pour des mises \u00e0 jour r\u00e9guli\u00e8res sur nos initiatives entrepreneuriales et communautaires. Explorez notre page pour suivre le pouls vibrant de notre communaut\u00e9. LIRE CONTACT ADRESSE : Ago\u00e8 Cacaveli, R\u00e9serve De La Gendarmerie \u00a0TEL [&hellip;]\" \/>\n<meta property=\"og:url\" content=\"http:\/\/rccm.tg\/\" \/>\n<meta property=\"og:site_name\" content=\"REGISTRE DU COMMERCE ET DU CREDIT MOBILIER\" \/>\n<meta property=\"article:modified_time\" content=\"2024-06-19T09:18:20+00:00\" \/>\n<meta property=\"og:image\" content=\"http:\/\/rccm.tg\/wp-content\/uploads\/2024\/06\/Untitled-design-4-1.png\" \/>\n<meta name=\"twitter:card\" content=\"summary_large_image\" \/>\n<meta name=\"twitter:label1\" content=\"Dur\u00e9e de lecture estim\u00e9e\" \/>\n\t<meta name=\"twitter:data1\" content=\"3 minutes\" \/>\n<script type=\"application\/ld+json\" class=\"yoast-schema-graph\">{\"@context\":\"https:\/\/schema.org\",\"@graph\":[{\"@type\":\"WebPage\",\"@id\":\"http:\/\/rccm.tg\/\",\"url\":\"http:\/\/rccm.tg\/\",\"name\":\"Actualit\u00e9 - REGISTRE DU COMMERCE ET DU CREDIT MOBILIER\",\"isPartOf\":{\"@id\":\"http:\/\/rccm.tg\/#website\"},\"primaryImageOfPage\":{\"@id\":\"http:\/\/rccm.tg\/#primaryimage\"},\"image\":{\"@id\":\"http:\/\/rccm.tg\/#primaryimage\"},\"thumbnailUrl\":\"http:\/\/rccm.tg\/wp-content\/uploads\/2024\/06\/Untitled-design-4-1.png\",\"datePublished\":\"2024-02-07T13:53:24+00:00\",\"dateModified\":\"2024-06-19T09:18:20+00:00\",\"breadcrumb\":{\"@id\":\"http:\/\/rccm.tg\/#breadcrumb\"},\"inLanguage\":\"fr-FR\",\"potentialAction\":[{\"@type\":\"ReadAction\",\"target\":[\"http:\/\/rccm.tg\/\"]}]},{\"@type\":\"ImageObject\",\"inLanguage\":\"fr-FR\",\"@id\":\"http:\/\/rccm.tg\/#primaryimage\",\"url\":\"http:\/\/rccm.tg\/wp-content\/uploads\/2024\/06\/Untitled-design-4-1.png\",\"contentUrl\":\"http:\/\/rccm.tg\/wp-content\/uploads\/2024\/06\/Untitled-design-4-1.png\",\"width\":1080,\"height\":1080},{\"@type\":\"BreadcrumbList\",\"@id\":\"http:\/\/rccm.tg\/#breadcrumb\",\"itemListElement\":[{\"@type\":\"ListItem\",\"position\":1,\"name\":\"Accueil\",\"item\":\"http:\/\/rccm.tg\/\"},{\"@type\":\"ListItem\",\"position\":2,\"name\":\"Actualit\u00e9\"}]},{\"@type\":\"WebSite\",\"@id\":\"http:\/\/rccm.tg\/#website\",\"url\":\"http:\/\/rccm.tg\/\",\"name\":\"REGISTRE DU COMMERCE ET DU CREDIT MOBILIER\",\"description\":\"\",\"publisher\":{\"@id\":\"http:\/\/rccm.tg\/#organization\"},\"potentialAction\":[{\"@type\":\"SearchAction\",\"target\":{\"@type\":\"EntryPoint\",\"urlTemplate\":\"http:\/\/rccm.tg\/?s={search_term_string}\"},\"query-input\":{\"@type\":\"PropertyValueSpecification\",\"valueRequired\":true,\"valueName\":\"search_term_string\"}}],\"inLanguage\":\"fr-FR\"},{\"@type\":\"Organization\",\"@id\":\"http:\/\/rccm.tg\/#organization\",\"name\":\"REGISTRE DU COMMERCE ET DU CREDIT MOBILIER\",\"url\":\"http:\/\/rccm.tg\/\",\"logo\":{\"@type\":\"ImageObject\",\"inLanguage\":\"fr-FR\",\"@id\":\"http:\/\/rccm.tg\/#\/schema\/logo\/image\/\",\"url\":\"http:\/\/rccm.tg\/wp-content\/uploads\/2024\/06\/f137c43ab7bef73d55f19a6bf730bc64-removebg-preview.png\",\"contentUrl\":\"http:\/\/rccm.tg\/wp-content\/uploads\/2024\/06\/f137c43ab7bef73d55f19a6bf730bc64-removebg-preview.png\",\"width\":447,\"height\":558,\"caption\":\"REGISTRE DU COMMERCE ET DU CREDIT MOBILIER\"},\"image\":{\"@id\":\"http:\/\/rccm.tg\/#\/schema\/logo\/image\/\"}}]}<\/script>\n<!-- \/ Yoast SEO plugin. -->","yoast_head_json":{"title":"Actualit\u00e9 - REGISTRE DU COMMERCE ET DU CREDIT MOBILIER","robots":{"index":"noindex","follow":"follow","max-snippet":"max-snippet:-1","max-image-preview":"max-image-preview:large","max-video-preview":"max-video-preview:-1"},"og_locale":"fr_FR","og_type":"article","og_title":"Actualit\u00e9 - REGISTRE DU COMMERCE ET DU CREDIT MOBILIER","og_description":"LES ACTUALITES D\u00e9couvrez l&rsquo;actualit\u00e9 dynamique de la RCCM au Togo, votre source d&rsquo;informations sur les progr\u00e8s \u00e9conomiques et sociaux. Restez connect\u00e9(e) pour des mises \u00e0 jour r\u00e9guli\u00e8res sur nos initiatives entrepreneuriales et communautaires. Explorez notre page pour suivre le pouls vibrant de notre communaut\u00e9. LIRE CONTACT ADRESSE : Ago\u00e8 Cacaveli, R\u00e9serve De La Gendarmerie \u00a0TEL [&hellip;]","og_url":"http:\/\/rccm.tg\/","og_site_name":"REGISTRE DU COMMERCE ET DU CREDIT MOBILIER","article_modified_time":"2024-06-19T09:18:20+00:00","og_image":[{"url":"http:\/\/rccm.tg\/wp-content\/uploads\/2024\/06\/Untitled-design-4-1.png","type":"","width":"","height":""}],"twitter_card":"summary_large_image","twitter_misc":{"Dur\u00e9e de lecture estim\u00e9e":"3 minutes"},"schema":{"@context":"https:\/\/schema.org","@graph":[{"@type":"WebPage","@id":"http:\/\/rccm.tg\/","url":"http:\/\/rccm.tg\/","name":"Actualit\u00e9 - REGISTRE DU COMMERCE ET DU CREDIT MOBILIER","isPartOf":{"@id":"http:\/\/rccm.tg\/#website"},"primaryImageOfPage":{"@id":"http:\/\/rccm.tg\/#primaryimage"},"image":{"@id":"http:\/\/rccm.tg\/#primaryimage"},"thumbnailUrl":"http:\/\/rccm.tg\/wp-content\/uploads\/2024\/06\/Untitled-design-4-1.png","datePublished":"2024-02-07T13:53:24+00:00","dateModified":"2024-06-19T09:18:20+00:00","breadcrumb":{"@id":"http:\/\/rccm.tg\/#breadcrumb"},"inLanguage":"fr-FR","potentialAction":[{"@type":"ReadAction","target":["http:\/\/rccm.tg\/"]}]},{"@type":"ImageObject","inLanguage":"fr-FR","@id":"http:\/\/rccm.tg\/#primaryimage","url":"http:\/\/rccm.tg\/wp-content\/uploads\/2024\/06\/Untitled-design-4-1.png","contentUrl":"http:\/\/rccm.tg\/wp-content\/uploads\/2024\/06\/Untitled-design-4-1.png","width":1080,"height":1080},{"@type":"BreadcrumbList","@id":"http:\/\/rccm.tg\/#breadcrumb","itemListElement":[{"@type":"ListItem","position":1,"name":"Accueil","item":"http:\/\/rccm.tg\/"},{"@type":"ListItem","position":2,"name":"Actualit\u00e9"}]},{"@type":"WebSite","@id":"http:\/\/rccm.tg\/#website","url":"http:\/\/rccm.tg\/","name":"REGISTRE DU COMMERCE ET DU CREDIT MOBILIER","description":"","publisher":{"@id":"http:\/\/rccm.tg\/#organization"},"potentialAction":[{"@type":"SearchAction","target":{"@type":"EntryPoint","urlTemplate":"http:\/\/rccm.tg\/?s={search_term_string}"},"query-input":{"@type":"PropertyValueSpecification","valueRequired":true,"valueName":"search_term_string"}}],"inLanguage":"fr-FR"},{"@type":"Organization","@id":"http:\/\/rccm.tg\/#organization","name":"REGISTRE DU COMMERCE ET DU CREDIT MOBILIER","url":"http:\/\/rccm.tg\/","logo":{"@type":"ImageObject","inLanguage":"fr-FR","@id":"http:\/\/rccm.tg\/#\/schema\/logo\/image\/","url":"http:\/\/rccm.tg\/wp-content\/uploads\/2024\/06\/f137c43ab7bef73d55f19a6bf730bc64-removebg-preview.png","contentUrl":"http:\/\/rccm.tg\/wp-content\/uploads\/2024\/06\/f137c43ab7bef73d55f19a6bf730bc64-removebg-preview.png","width":447,"height":558,"caption":"REGISTRE DU COMMERCE ET DU CREDIT MOBILIER"},"image":{"@id":"http:\/\/rccm.tg\/#\/schema\/logo\/image\/"}}]}},"_links":{"self":[{"href":"http:\/\/rccm.tg\/index.php\/wp-json\/wp\/v2\/pages\/92","targetHints":{"allow":["GET"]}}],"collection":[{"href":"http:\/\/rccm.tg\/index.php\/wp-json\/wp\/v2\/pages"}],"about":[{"href":"http:\/\/rccm.tg\/index.php\/wp-json\/wp\/v2\/types\/page"}],"author":[{"embeddable":true,"href":"http:\/\/rccm.tg\/index.php\/wp-json\/wp\/v2\/users\/1"}],"replies":[{"embeddable":true,"href":"http:\/\/rccm.tg\/index.php\/wp-json\/wp\/v2\/comments?post=92"}],"version-history":[{"count":107,"href":"http:\/\/rccm.tg\/index.php\/wp-json\/wp\/v2\/pages\/92\/revisions"}],"predecessor-version":[{"id":723,"href":"http:\/\/rccm.tg\/index.php\/wp-json\/wp\/v2\/pages\/92\/revisions\/723"}],"wp:attachment":[{"href":"http:\/\/rccm.tg\/index.php\/wp-json\/wp\/v2\/media?parent=92"}],"curies":[{"name":"wp","href":"https:\/\/api.w.org\/{rel}","templated":true}]}}