{"id":253,"date":"2024-02-19T13:00:11","date_gmt":"2024-02-19T12:00:11","guid":{"rendered":"http:\/\/localhost\/wordpress%201\/?page_id=253"},"modified":"2024-04-04T13:45:12","modified_gmt":"2024-04-04T11:45:12","slug":"formalitee-rccm","status":"publish","type":"page","link":"http:\/\/rccm.tg\/index.php\/formalitee-rccm\/","title":{"rendered":"Formalit\u00e9e RCCM"},"content":{"rendered":"\t\t<div data-elementor-type=\"wp-page\" data-elementor-id=\"253\" class=\"elementor elementor-253\">\n\t\t\t\t<div class=\"elementor-element elementor-element-f4289f2 e-flex e-con-boxed e-con e-parent\" data-id=\"f4289f2\" data-element_type=\"container\">\n\t\t\t\t\t<div class=\"e-con-inner\">\n\t\t\t\t<div class=\"elementor-element elementor-element-58f75e1 elementor-widget elementor-widget-shortcode\" data-id=\"58f75e1\" data-element_type=\"widget\" data-widget_type=\"shortcode.default\">\n\t\t\t\t<div class=\"elementor-widget-container\">\n\t\t\t\t\t\t\t<div class=\"elementor-shortcode\">\n<table id=\"tablepress-2\" class=\"tablepress tablepress-id-2\">\n<thead>\n<tr class=\"row-1 odd\">\n\t<th class=\"column-1\"><\/th><th class=\"column-2\">A. Mentions obligatoires :<\/th><th class=\"column-3\">B. Pi\u00e8ces justificatives :<\/th><th class=\"column-4\">C. Frais :<\/th>\n<\/tr>\n<\/thead>\n<tbody class=\"row-hover\">\n<tr class=\"row-2 even\">\n\t<td class=\"column-1\">I. Inscription<\/td><td class=\"column-2\">\u2013 Les renseignements relatifs au b\u00e9n\u00e9ficiaire<br \/>\n\u2013 Les renseignements relatifs au constituant<br \/>\n\u2013 Les renseignements relatifs au d\u00e9biteur de la cr\u00e9ance garantie (s\u2019il y lieu)<br \/>\n\u2013 Les renseignements relatifs \u00e0 l\u2019agent des s\u00fbret\u00e9s (s\u2019il y a lieu)<br \/>\n\u2013 Nature et date de l\u2019acte constitutif<br \/>\n\u2013 Montant de la cr\u00e9ance exigible<br \/>\n\u2013 Description des biens nantis<br \/>\n\u2013 Nom, pr\u00e9nom et qualit\u00e9 du d\u00e9clarant de l\u2019inscription<\/td><td class=\"column-3\">\u2013 Acte constitutif (exemples : contrat de nantissement ou de gage)<br \/>\n\u2013 Autres pi\u00e8ces en cas de besoin (exemples : liste de mat\u00e9riels, copie de la carte grise,<br \/>\ninventaire des stocks \u2026)<br \/>\n\u2013 Extrait ou exp\u00e9dition du jugement en cas de nantissement judiciaire<\/td><td class=\"column-4\"> 15.000 FCFA<\/td>\n<\/tr>\n<tr class=\"row-3 odd\">\n\t<td class=\"column-1\">II. Renouvellement<\/td><td class=\"column-2\">\u2013 Les renseignements en cas de renouvellement sont les m\u00eames que ceux \u00e0 l\u2019inscription.<\/td><td class=\"column-3\">\u2013 Une pi\u00e8ce justificative de l\u2019inscription initiale (exemple : copie de l\u2019accus\u00e9 d\u2019inscription)<\/td><td class=\"column-4\">15.000 FCFA<\/td>\n<\/tr>\n<tr class=\"row-4 even\">\n\t<td class=\"column-1\">III. modification<\/td><td class=\"column-2\">\u2013 Les mentions modifi\u00e9es sont mises \u00e0 jour et les autres restent sans changement.<\/td><td class=\"column-3\">\u2013 L\u2019avenant<br \/>\n\u2013 Extrait ou exp\u00e9dition du jugement s\u2019il y a lieu<br \/>\n\u2013 L\u2019accus\u00e9 d\u2019inscription<\/td><td class=\"column-4\">15.000 FCFA<\/td>\n<\/tr>\n<\/tbody>\n<tfoot>\n<tr class=\"row-5 odd\">\n\t<th class=\"column-1\">IV. Radiation<\/th><th class=\"column-2\">\u2013 Radiation \u00e0 concurrence de (pr\u00e9ciser le montant) en cas de radiation partielle<br \/>\n\u2013 les renseignements demeurent les m\u00eames en cas de radiation totale<\/th><th class=\"column-3\">\u2013 Mainlev\u00e9e<br \/>\n\u2013 Accus\u00e9 d\u2019inscription<br \/>\n\u2013 Extrait ou exp\u00e9dition du jugement s\u2019il y a lieu<\/th><th class=\"column-4\">15.000 FCFA<\/th>\n<\/tr>\n<\/tfoot>\n<\/table>\n<!-- #tablepress-2 from cache --><\/div>\n\t\t\t\t\t\t<\/div>\n\t\t\t\t<\/div>\n\t\t\t\t\t<\/div>\n\t\t\t\t<\/div>\n\t\t\t\t<\/div>\n\t\t","protected":false},"excerpt":{"rendered":"","protected":false},"author":1,"featured_media":0,"parent":0,"menu_order":0,"comment_status":"closed","ping_status":"closed","template":"","meta":{"site-sidebar-layout":"default","site-content-layout":"","ast-site-content-layout":"default","site-content-style":"default","site-sidebar-style":"default","ast-global-header-display":"","ast-banner-title-visibility":"","ast-main-header-display":"","ast-hfb-above-header-display":"","ast-hfb-below-header-display":"","ast-hfb-mobile-header-display":"","site-post-title":"disabled","ast-breadcrumbs-content":"","ast-featured-img":"","footer-sml-layout":"","theme-transparent-header-meta":"default","adv-header-id-meta":"","stick-header-meta":"","header-above-stick-meta":"","header-main-stick-meta":"","header-below-stick-meta":"","astra-migrate-meta-layouts":"set","ast-page-background-enabled":"default","ast-page-background-meta":{"desktop":{"background-color":"var(--ast-global-color-4)","background-image":"","background-repeat":"repeat","background-position":"center center","background-size":"auto","background-attachment":"scroll","background-type":"","background-media":"","overlay-type":"","overlay-color":"","overlay-opacity":"","overlay-gradient":""},"tablet":{"background-color":"","background-image":"","background-repeat":"repeat","background-position":"center center","background-size":"auto","background-attachment":"scroll","background-type":"","background-media":"","overlay-type":"","overlay-color":"","overlay-opacity":"","overlay-gradient":""},"mobile":{"background-color":"","background-image":"","background-repeat":"repeat","background-position":"center center","background-size":"auto","background-attachment":"scroll","background-type":"","background-media":"","overlay-type":"","overlay-color":"","overlay-opacity":"","overlay-gradient":""}},"ast-content-background-meta":{"desktop":{"background-color":"var(--ast-global-color-5)","background-image":"","background-repeat":"repeat","background-position":"center center","background-size":"auto","background-attachment":"scroll","background-type":"","background-media":"","overlay-type":"","overlay-color":"","overlay-opacity":"","overlay-gradient":""},"tablet":{"background-color":"var(--ast-global-color-5)","background-image":"","background-repeat":"repeat","background-position":"center center","background-size":"auto","background-attachment":"scroll","background-type":"","background-media":"","overlay-type":"","overlay-color":"","overlay-opacity":"","overlay-gradient":""},"mobile":{"background-color":"var(--ast-global-color-5)","background-image":"","background-repeat":"repeat","background-position":"center center","background-size":"auto","background-attachment":"scroll","background-type":"","background-media":"","overlay-type":"","overlay-color":"","overlay-opacity":"","overlay-gradient":""}},"footnotes":""},"class_list":["post-253","page","type-page","status-publish","hentry"],"yoast_head":"<!-- This site is optimized with the Yoast SEO plugin v24.1 - https:\/\/yoast.com\/wordpress\/plugins\/seo\/ -->\n<title>Formalit\u00e9e RCCM - REGISTRE DU COMMERCE ET DU CREDIT MOBILIER<\/title>\n<meta name=\"robots\" content=\"noindex, follow, max-snippet:-1, max-image-preview:large, max-video-preview:-1\" \/>\n<meta property=\"og:locale\" content=\"fr_FR\" \/>\n<meta property=\"og:type\" content=\"article\" \/>\n<meta property=\"og:title\" content=\"Formalit\u00e9e RCCM - REGISTRE DU COMMERCE ET DU CREDIT MOBILIER\" \/>\n<meta property=\"og:url\" content=\"http:\/\/rccm.tg\/index.php\/formalitee-rccm\/\" \/>\n<meta property=\"og:site_name\" content=\"REGISTRE DU COMMERCE ET DU CREDIT MOBILIER\" \/>\n<meta property=\"article:modified_time\" content=\"2024-04-04T11:45:12+00:00\" \/>\n<meta name=\"twitter:card\" content=\"summary_large_image\" \/>\n<script type=\"application\/ld+json\" class=\"yoast-schema-graph\">{\"@context\":\"https:\/\/schema.org\",\"@graph\":[{\"@type\":\"WebPage\",\"@id\":\"http:\/\/rccm.tg\/index.php\/formalitee-rccm\/\",\"url\":\"http:\/\/rccm.tg\/index.php\/formalitee-rccm\/\",\"name\":\"Formalit\u00e9e RCCM - REGISTRE DU COMMERCE ET DU CREDIT MOBILIER\",\"isPartOf\":{\"@id\":\"http:\/\/rccm.tg\/#website\"},\"datePublished\":\"2024-02-19T12:00:11+00:00\",\"dateModified\":\"2024-04-04T11:45:12+00:00\",\"breadcrumb\":{\"@id\":\"http:\/\/rccm.tg\/index.php\/formalitee-rccm\/#breadcrumb\"},\"inLanguage\":\"fr-FR\",\"potentialAction\":[{\"@type\":\"ReadAction\",\"target\":[\"http:\/\/rccm.tg\/index.php\/formalitee-rccm\/\"]}]},{\"@type\":\"BreadcrumbList\",\"@id\":\"http:\/\/rccm.tg\/index.php\/formalitee-rccm\/#breadcrumb\",\"itemListElement\":[{\"@type\":\"ListItem\",\"position\":1,\"name\":\"Accueil\",\"item\":\"http:\/\/rccm.tg\/\"},{\"@type\":\"ListItem\",\"position\":2,\"name\":\"Formalit\u00e9e RCCM\"}]},{\"@type\":\"WebSite\",\"@id\":\"http:\/\/rccm.tg\/#website\",\"url\":\"http:\/\/rccm.tg\/\",\"name\":\"REGISTRE DU COMMERCE ET DU CREDIT MOBILIER\",\"description\":\"\",\"publisher\":{\"@id\":\"http:\/\/rccm.tg\/#organization\"},\"potentialAction\":[{\"@type\":\"SearchAction\",\"target\":{\"@type\":\"EntryPoint\",\"urlTemplate\":\"http:\/\/rccm.tg\/?s={search_term_string}\"},\"query-input\":{\"@type\":\"PropertyValueSpecification\",\"valueRequired\":true,\"valueName\":\"search_term_string\"}}],\"inLanguage\":\"fr-FR\"},{\"@type\":\"Organization\",\"@id\":\"http:\/\/rccm.tg\/#organization\",\"name\":\"REGISTRE DU COMMERCE ET DU CREDIT MOBILIER\",\"url\":\"http:\/\/rccm.tg\/\",\"logo\":{\"@type\":\"ImageObject\",\"inLanguage\":\"fr-FR\",\"@id\":\"http:\/\/rccm.tg\/#\/schema\/logo\/image\/\",\"url\":\"http:\/\/rccm.tg\/wp-content\/uploads\/2024\/06\/f137c43ab7bef73d55f19a6bf730bc64-removebg-preview.png\",\"contentUrl\":\"http:\/\/rccm.tg\/wp-content\/uploads\/2024\/06\/f137c43ab7bef73d55f19a6bf730bc64-removebg-preview.png\",\"width\":447,\"height\":558,\"caption\":\"REGISTRE DU COMMERCE ET DU CREDIT MOBILIER\"},\"image\":{\"@id\":\"http:\/\/rccm.tg\/#\/schema\/logo\/image\/\"}}]}<\/script>\n<!-- \/ Yoast SEO plugin. -->","yoast_head_json":{"title":"Formalit\u00e9e RCCM - REGISTRE DU COMMERCE ET DU CREDIT MOBILIER","robots":{"index":"noindex","follow":"follow","max-snippet":"max-snippet:-1","max-image-preview":"max-image-preview:large","max-video-preview":"max-video-preview:-1"},"og_locale":"fr_FR","og_type":"article","og_title":"Formalit\u00e9e RCCM - REGISTRE DU COMMERCE ET DU CREDIT MOBILIER","og_url":"http:\/\/rccm.tg\/index.php\/formalitee-rccm\/","og_site_name":"REGISTRE DU COMMERCE ET DU CREDIT MOBILIER","article_modified_time":"2024-04-04T11:45:12+00:00","twitter_card":"summary_large_image","schema":{"@context":"https:\/\/schema.org","@graph":[{"@type":"WebPage","@id":"http:\/\/rccm.tg\/index.php\/formalitee-rccm\/","url":"http:\/\/rccm.tg\/index.php\/formalitee-rccm\/","name":"Formalit\u00e9e RCCM - REGISTRE DU COMMERCE ET DU CREDIT MOBILIER","isPartOf":{"@id":"http:\/\/rccm.tg\/#website"},"datePublished":"2024-02-19T12:00:11+00:00","dateModified":"2024-04-04T11:45:12+00:00","breadcrumb":{"@id":"http:\/\/rccm.tg\/index.php\/formalitee-rccm\/#breadcrumb"},"inLanguage":"fr-FR","potentialAction":[{"@type":"ReadAction","target":["http:\/\/rccm.tg\/index.php\/formalitee-rccm\/"]}]},{"@type":"BreadcrumbList","@id":"http:\/\/rccm.tg\/index.php\/formalitee-rccm\/#breadcrumb","itemListElement":[{"@type":"ListItem","position":1,"name":"Accueil","item":"http:\/\/rccm.tg\/"},{"@type":"ListItem","position":2,"name":"Formalit\u00e9e RCCM"}]},{"@type":"WebSite","@id":"http:\/\/rccm.tg\/#website","url":"http:\/\/rccm.tg\/","name":"REGISTRE DU COMMERCE ET DU CREDIT MOBILIER","description":"","publisher":{"@id":"http:\/\/rccm.tg\/#organization"},"potentialAction":[{"@type":"SearchAction","target":{"@type":"EntryPoint","urlTemplate":"http:\/\/rccm.tg\/?s={search_term_string}"},"query-input":{"@type":"PropertyValueSpecification","valueRequired":true,"valueName":"search_term_string"}}],"inLanguage":"fr-FR"},{"@type":"Organization","@id":"http:\/\/rccm.tg\/#organization","name":"REGISTRE DU COMMERCE ET DU CREDIT MOBILIER","url":"http:\/\/rccm.tg\/","logo":{"@type":"ImageObject","inLanguage":"fr-FR","@id":"http:\/\/rccm.tg\/#\/schema\/logo\/image\/","url":"http:\/\/rccm.tg\/wp-content\/uploads\/2024\/06\/f137c43ab7bef73d55f19a6bf730bc64-removebg-preview.png","contentUrl":"http:\/\/rccm.tg\/wp-content\/uploads\/2024\/06\/f137c43ab7bef73d55f19a6bf730bc64-removebg-preview.png","width":447,"height":558,"caption":"REGISTRE DU COMMERCE ET DU CREDIT MOBILIER"},"image":{"@id":"http:\/\/rccm.tg\/#\/schema\/logo\/image\/"}}]}},"_links":{"self":[{"href":"http:\/\/rccm.tg\/index.php\/wp-json\/wp\/v2\/pages\/253","targetHints":{"allow":["GET"]}}],"collection":[{"href":"http:\/\/rccm.tg\/index.php\/wp-json\/wp\/v2\/pages"}],"about":[{"href":"http:\/\/rccm.tg\/index.php\/wp-json\/wp\/v2\/types\/page"}],"author":[{"embeddable":true,"href":"http:\/\/rccm.tg\/index.php\/wp-json\/wp\/v2\/users\/1"}],"replies":[{"embeddable":true,"href":"http:\/\/rccm.tg\/index.php\/wp-json\/wp\/v2\/comments?post=253"}],"version-history":[{"count":5,"href":"http:\/\/rccm.tg\/index.php\/wp-json\/wp\/v2\/pages\/253\/revisions"}],"predecessor-version":[{"id":415,"href":"http:\/\/rccm.tg\/index.php\/wp-json\/wp\/v2\/pages\/253\/revisions\/415"}],"wp:attachment":[{"href":"http:\/\/rccm.tg\/index.php\/wp-json\/wp\/v2\/media?parent=253"}],"curies":[{"name":"wp","href":"https:\/\/api.w.org\/{rel}","templated":true}]}}