{"id":101,"date":"2024-02-07T14:55:56","date_gmt":"2024-02-07T13:55:56","guid":{"rendered":"http:\/\/localhost\/wordpress%201\/?page_id=101"},"modified":"2024-06-05T22:01:27","modified_gmt":"2024-06-05T20:01:27","slug":"services-rccm","status":"publish","type":"page","link":"http:\/\/rccm.tg\/index.php\/services-rccm\/","title":{"rendered":"Services RCCM"},"content":{"rendered":"\t\t<div data-elementor-type=\"wp-page\" data-elementor-id=\"101\" class=\"elementor elementor-101\">\n\t\t\t\t<div class=\"elementor-element elementor-element-24d46c94 e-flex e-con-boxed e-con e-parent\" data-id=\"24d46c94\" data-element_type=\"container\">\n\t\t\t\t\t<div class=\"e-con-inner\">\n\t\t\t\t<div class=\"elementor-element elementor-element-415afd2 elementor-widget__width-initial elementor-absolute elementor-widget elementor-widget-spacer\" data-id=\"415afd2\" data-element_type=\"widget\" data-settings=\"{&quot;_position&quot;:&quot;absolute&quot;}\" data-widget_type=\"spacer.default\">\n\t\t\t\t<div class=\"elementor-widget-container\">\n\t\t\t\t\t\t\t<div class=\"elementor-spacer\">\n\t\t\t<div class=\"elementor-spacer-inner\"><\/div>\n\t\t<\/div>\n\t\t\t\t\t\t<\/div>\n\t\t\t\t<\/div>\n\t\t\t\t<div class=\"elementor-element elementor-element-621e19b2 elementor-widget elementor-widget-text-editor\" data-id=\"621e19b2\" data-element_type=\"widget\" data-widget_type=\"text-editor.default\">\n\t\t\t\t<div class=\"elementor-widget-container\">\n\t\t\t\t\t\t\t\t\t<h2 style=\"text-align: center;\"><strong>SERVICES DISPONIBLE<\/strong><\/h2>\r\n<p style=\"text-align: center;\">\n<table id=\"tablepress-1\" class=\"tablepress tablepress-id-1\">\n<thead>\n<tr class=\"row-1 odd\">\n\t<th class=\"column-1\">N\u00b0<\/th><th class=\"column-2\">NATURE<\/th><th class=\"column-3\">Co\u00fbt<br \/>\n(FCFA)<\/th>\n<\/tr>\n<\/thead>\n<tbody class=\"row-hover\">\n<tr class=\"row-2 even\">\n\t<td class=\"column-1\">01<\/td><td class=\"column-2\">&#8211;  Certificat d\u2019inscription de nantissement<br \/>\n&#8211;  Certificat de renouvellement de nantissement<br \/>\n&#8211;  Certificat de radiation de nantissement<\/td><td class=\"column-3\">2.000<\/td>\n<\/tr>\n<tr class=\"row-3 odd\">\n\t<td class=\"column-1\">02<\/td><td class=\"column-2\">&#8211;  Certificat d\u2019inscription de gage<br \/>\n&#8211;  Certificat de renouvellement gage<br \/>\n&#8211;  Certificat de radiation de gage<\/td><td class=\"column-3\">2.000<\/td>\n<\/tr>\n<tr class=\"row-4 even\">\n\t<td class=\"column-1\">03<\/td><td class=\"column-2\">&#8211;  Certificat de non inscription de nantissement<br \/>\n&#8211;  Certificat de non renouvellement de nantissement<br \/>\n&#8211;  Certificat de non radiation de nantissement<\/td><td class=\"column-3\">2.000<\/td>\n<\/tr>\n<tr class=\"row-5 odd\">\n\t<td class=\"column-1\">04<\/td><td class=\"column-2\">&#8211;  Certificat de non inscription de gage<br \/>\n&#8211;  Certificat de non renouvellement gage<br \/>\n&#8211;  Certificat de non radiation de gage<\/td><td class=\"column-3\">2.000<\/td>\n<\/tr>\n<tr class=\"row-6 even\">\n\t<td class=\"column-1\">05<\/td><td class=\"column-2\">&#8211;  Certificat d\u2019inscription de privil\u00e8ge<br \/>\n&#8211;  Certificat de renouvellement privil\u00e8ge<br \/>\n&#8211;  Certificat de radiation de privil\u00e8ge<\/td><td class=\"column-3\">2.000<\/td>\n<\/tr>\n<tr class=\"row-7 odd\">\n\t<td class=\"column-1\">06<\/td><td class=\"column-2\">&#8211;  Certificat de non inscription de privil\u00e8ge<br \/>\n&#8211;  Certificat de non renouvellement privil\u00e8ge<br \/>\n&#8211;  Certificat de non radiation de privil\u00e8ge<\/td><td class=\"column-3\">2.000<\/td>\n<\/tr>\n<tr class=\"row-8 even\">\n\t<td class=\"column-1\">07<\/td><td class=\"column-2\">&#8211;  Certificat d\u2019inscription de cr\u00e9dit-bail ou clause de r\u00e9serve propri\u00e9t\u00e9<br \/>\n&#8211;  Certificat de renouvellement de cr\u00e9dit-bail ou clause de r\u00e9serve propri\u00e9t\u00e9<br \/>\n&#8211;  Certificat de radiation de de cr\u00e9dit-bail ou clause de r\u00e9serve propri\u00e9t\u00e9<\/td><td class=\"column-3\">2.000<\/td>\n<\/tr>\n<tr class=\"row-9 odd\">\n\t<td class=\"column-1\">08<\/td><td class=\"column-2\">&#8211;  Certificat de non inscription de cr\u00e9dit-bail ou clause de r\u00e9serve propri\u00e9t\u00e9<br \/>\n&#8211;  Certificat de non renouvellement de cr\u00e9dit-bail ou clause de r\u00e9serve propri\u00e9t\u00e9<br \/>\n&#8211;  Certificat de non radiation de de cr\u00e9dit-bail ou clause de r\u00e9serve propri\u00e9t\u00e9<\/td><td class=\"column-3\">2.000<\/td>\n<\/tr>\n<tr class=\"row-10 even\">\n\t<td class=\"column-1\">09<\/td><td class=\"column-2\">Etat de s\u00fbret\u00e9<\/td><td class=\"column-3\">10.000<\/td>\n<\/tr>\n<\/tbody>\n<\/table>\n<!-- #tablepress-1 from cache --><\/p>\t\t\t\t\t\t\t\t<\/div>\n\t\t\t\t<\/div>\n\t\t\t\t\t<\/div>\n\t\t\t\t<\/div>\n\t\t\t\t<\/div>\n\t\t","protected":false},"excerpt":{"rendered":"<p>SERVICES DISPONIBLE<\/p>\n","protected":false},"author":1,"featured_media":0,"parent":0,"menu_order":0,"comment_status":"closed","ping_status":"closed","template":"","meta":{"site-sidebar-layout":"default","site-content-layout":"","ast-site-content-layout":"default","site-content-style":"default","site-sidebar-style":"default","ast-global-header-display":"","ast-banner-title-visibility":"","ast-main-header-display":"","ast-hfb-above-header-display":"","ast-hfb-below-header-display":"","ast-hfb-mobile-header-display":"","site-post-title":"","ast-breadcrumbs-content":"","ast-featured-img":"","footer-sml-layout":"","theme-transparent-header-meta":"default","adv-header-id-meta":"","stick-header-meta":"","header-above-stick-meta":"","header-main-stick-meta":"","header-below-stick-meta":"","astra-migrate-meta-layouts":"set","ast-page-background-enabled":"default","ast-page-background-meta":{"desktop":{"background-color":"var(--ast-global-color-4)","background-image":"","background-repeat":"repeat","background-position":"center center","background-size":"auto","background-attachment":"scroll","background-type":"","background-media":"","overlay-type":"","overlay-color":"","overlay-opacity":"","overlay-gradient":""},"tablet":{"background-color":"","background-image":"","background-repeat":"repeat","background-position":"center center","background-size":"auto","background-attachment":"scroll","background-type":"","background-media":"","overlay-type":"","overlay-color":"","overlay-opacity":"","overlay-gradient":""},"mobile":{"background-color":"","background-image":"","background-repeat":"repeat","background-position":"center center","background-size":"auto","background-attachment":"scroll","background-type":"","background-media":"","overlay-type":"","overlay-color":"","overlay-opacity":"","overlay-gradient":""}},"ast-content-background-meta":{"desktop":{"background-color":"var(--ast-global-color-5)","background-image":"","background-repeat":"repeat","background-position":"center center","background-size":"auto","background-attachment":"scroll","background-type":"","background-media":"","overlay-type":"","overlay-color":"","overlay-opacity":"","overlay-gradient":""},"tablet":{"background-color":"var(--ast-global-color-5)","background-image":"","background-repeat":"repeat","background-position":"center center","background-size":"auto","background-attachment":"scroll","background-type":"","background-media":"","overlay-type":"","overlay-color":"","overlay-opacity":"","overlay-gradient":""},"mobile":{"background-color":"var(--ast-global-color-5)","background-image":"","background-repeat":"repeat","background-position":"center center","background-size":"auto","background-attachment":"scroll","background-type":"","background-media":"","overlay-type":"","overlay-color":"","overlay-opacity":"","overlay-gradient":""}},"footnotes":""},"class_list":["post-101","page","type-page","status-publish","hentry"],"yoast_head":"<!-- This site is optimized with the Yoast SEO plugin v24.1 - https:\/\/yoast.com\/wordpress\/plugins\/seo\/ -->\n<title>Services RCCM - REGISTRE DU COMMERCE ET DU CREDIT MOBILIER<\/title>\n<meta name=\"robots\" content=\"noindex, follow, max-snippet:-1, max-image-preview:large, max-video-preview:-1\" \/>\n<meta property=\"og:locale\" content=\"fr_FR\" \/>\n<meta property=\"og:type\" content=\"article\" \/>\n<meta property=\"og:title\" content=\"Services RCCM - REGISTRE DU COMMERCE ET DU CREDIT MOBILIER\" \/>\n<meta property=\"og:description\" content=\"SERVICES DISPONIBLE\" \/>\n<meta property=\"og:url\" content=\"http:\/\/rccm.tg\/index.php\/services-rccm\/\" \/>\n<meta property=\"og:site_name\" content=\"REGISTRE DU COMMERCE ET DU CREDIT MOBILIER\" \/>\n<meta property=\"article:modified_time\" content=\"2024-06-05T20:01:27+00:00\" \/>\n<meta name=\"twitter:card\" content=\"summary_large_image\" \/>\n<meta name=\"twitter:label1\" content=\"Dur\u00e9e de lecture estim\u00e9e\" \/>\n\t<meta name=\"twitter:data1\" content=\"1 minute\" \/>\n<script type=\"application\/ld+json\" class=\"yoast-schema-graph\">{\"@context\":\"https:\/\/schema.org\",\"@graph\":[{\"@type\":\"WebPage\",\"@id\":\"http:\/\/rccm.tg\/index.php\/services-rccm\/\",\"url\":\"http:\/\/rccm.tg\/index.php\/services-rccm\/\",\"name\":\"Services RCCM - REGISTRE DU COMMERCE ET DU CREDIT MOBILIER\",\"isPartOf\":{\"@id\":\"http:\/\/rccm.tg\/#website\"},\"datePublished\":\"2024-02-07T13:55:56+00:00\",\"dateModified\":\"2024-06-05T20:01:27+00:00\",\"breadcrumb\":{\"@id\":\"http:\/\/rccm.tg\/index.php\/services-rccm\/#breadcrumb\"},\"inLanguage\":\"fr-FR\",\"potentialAction\":[{\"@type\":\"ReadAction\",\"target\":[\"http:\/\/rccm.tg\/index.php\/services-rccm\/\"]}]},{\"@type\":\"BreadcrumbList\",\"@id\":\"http:\/\/rccm.tg\/index.php\/services-rccm\/#breadcrumb\",\"itemListElement\":[{\"@type\":\"ListItem\",\"position\":1,\"name\":\"Accueil\",\"item\":\"http:\/\/rccm.tg\/\"},{\"@type\":\"ListItem\",\"position\":2,\"name\":\"Services RCCM\"}]},{\"@type\":\"WebSite\",\"@id\":\"http:\/\/rccm.tg\/#website\",\"url\":\"http:\/\/rccm.tg\/\",\"name\":\"REGISTRE DU COMMERCE ET DU CREDIT MOBILIER\",\"description\":\"\",\"publisher\":{\"@id\":\"http:\/\/rccm.tg\/#organization\"},\"potentialAction\":[{\"@type\":\"SearchAction\",\"target\":{\"@type\":\"EntryPoint\",\"urlTemplate\":\"http:\/\/rccm.tg\/?s={search_term_string}\"},\"query-input\":{\"@type\":\"PropertyValueSpecification\",\"valueRequired\":true,\"valueName\":\"search_term_string\"}}],\"inLanguage\":\"fr-FR\"},{\"@type\":\"Organization\",\"@id\":\"http:\/\/rccm.tg\/#organization\",\"name\":\"REGISTRE DU COMMERCE ET DU CREDIT MOBILIER\",\"url\":\"http:\/\/rccm.tg\/\",\"logo\":{\"@type\":\"ImageObject\",\"inLanguage\":\"fr-FR\",\"@id\":\"http:\/\/rccm.tg\/#\/schema\/logo\/image\/\",\"url\":\"http:\/\/rccm.tg\/wp-content\/uploads\/2024\/06\/f137c43ab7bef73d55f19a6bf730bc64-removebg-preview.png\",\"contentUrl\":\"http:\/\/rccm.tg\/wp-content\/uploads\/2024\/06\/f137c43ab7bef73d55f19a6bf730bc64-removebg-preview.png\",\"width\":447,\"height\":558,\"caption\":\"REGISTRE DU COMMERCE ET DU CREDIT MOBILIER\"},\"image\":{\"@id\":\"http:\/\/rccm.tg\/#\/schema\/logo\/image\/\"}}]}<\/script>\n<!-- \/ Yoast SEO plugin. -->","yoast_head_json":{"title":"Services RCCM - REGISTRE DU COMMERCE ET DU CREDIT MOBILIER","robots":{"index":"noindex","follow":"follow","max-snippet":"max-snippet:-1","max-image-preview":"max-image-preview:large","max-video-preview":"max-video-preview:-1"},"og_locale":"fr_FR","og_type":"article","og_title":"Services RCCM - REGISTRE DU COMMERCE ET DU CREDIT MOBILIER","og_description":"SERVICES DISPONIBLE","og_url":"http:\/\/rccm.tg\/index.php\/services-rccm\/","og_site_name":"REGISTRE DU COMMERCE ET DU CREDIT MOBILIER","article_modified_time":"2024-06-05T20:01:27+00:00","twitter_card":"summary_large_image","twitter_misc":{"Dur\u00e9e de lecture estim\u00e9e":"1 minute"},"schema":{"@context":"https:\/\/schema.org","@graph":[{"@type":"WebPage","@id":"http:\/\/rccm.tg\/index.php\/services-rccm\/","url":"http:\/\/rccm.tg\/index.php\/services-rccm\/","name":"Services RCCM - REGISTRE DU COMMERCE ET DU CREDIT MOBILIER","isPartOf":{"@id":"http:\/\/rccm.tg\/#website"},"datePublished":"2024-02-07T13:55:56+00:00","dateModified":"2024-06-05T20:01:27+00:00","breadcrumb":{"@id":"http:\/\/rccm.tg\/index.php\/services-rccm\/#breadcrumb"},"inLanguage":"fr-FR","potentialAction":[{"@type":"ReadAction","target":["http:\/\/rccm.tg\/index.php\/services-rccm\/"]}]},{"@type":"BreadcrumbList","@id":"http:\/\/rccm.tg\/index.php\/services-rccm\/#breadcrumb","itemListElement":[{"@type":"ListItem","position":1,"name":"Accueil","item":"http:\/\/rccm.tg\/"},{"@type":"ListItem","position":2,"name":"Services RCCM"}]},{"@type":"WebSite","@id":"http:\/\/rccm.tg\/#website","url":"http:\/\/rccm.tg\/","name":"REGISTRE DU COMMERCE ET DU CREDIT MOBILIER","description":"","publisher":{"@id":"http:\/\/rccm.tg\/#organization"},"potentialAction":[{"@type":"SearchAction","target":{"@type":"EntryPoint","urlTemplate":"http:\/\/rccm.tg\/?s={search_term_string}"},"query-input":{"@type":"PropertyValueSpecification","valueRequired":true,"valueName":"search_term_string"}}],"inLanguage":"fr-FR"},{"@type":"Organization","@id":"http:\/\/rccm.tg\/#organization","name":"REGISTRE DU COMMERCE ET DU CREDIT MOBILIER","url":"http:\/\/rccm.tg\/","logo":{"@type":"ImageObject","inLanguage":"fr-FR","@id":"http:\/\/rccm.tg\/#\/schema\/logo\/image\/","url":"http:\/\/rccm.tg\/wp-content\/uploads\/2024\/06\/f137c43ab7bef73d55f19a6bf730bc64-removebg-preview.png","contentUrl":"http:\/\/rccm.tg\/wp-content\/uploads\/2024\/06\/f137c43ab7bef73d55f19a6bf730bc64-removebg-preview.png","width":447,"height":558,"caption":"REGISTRE DU COMMERCE ET DU CREDIT MOBILIER"},"image":{"@id":"http:\/\/rccm.tg\/#\/schema\/logo\/image\/"}}]}},"_links":{"self":[{"href":"http:\/\/rccm.tg\/index.php\/wp-json\/wp\/v2\/pages\/101","targetHints":{"allow":["GET"]}}],"collection":[{"href":"http:\/\/rccm.tg\/index.php\/wp-json\/wp\/v2\/pages"}],"about":[{"href":"http:\/\/rccm.tg\/index.php\/wp-json\/wp\/v2\/types\/page"}],"author":[{"embeddable":true,"href":"http:\/\/rccm.tg\/index.php\/wp-json\/wp\/v2\/users\/1"}],"replies":[{"embeddable":true,"href":"http:\/\/rccm.tg\/index.php\/wp-json\/wp\/v2\/comments?post=101"}],"version-history":[{"count":10,"href":"http:\/\/rccm.tg\/index.php\/wp-json\/wp\/v2\/pages\/101\/revisions"}],"predecessor-version":[{"id":518,"href":"http:\/\/rccm.tg\/index.php\/wp-json\/wp\/v2\/pages\/101\/revisions\/518"}],"wp:attachment":[{"href":"http:\/\/rccm.tg\/index.php\/wp-json\/wp\/v2\/media?parent=101"}],"curies":[{"name":"wp","href":"https:\/\/api.w.org\/{rel}","templated":true}]}}